{"id":4159,"date":"2023-08-21T09:57:07","date_gmt":"2023-08-21T08:57:07","guid":{"rendered":"https:\/\/parcglynllifon.cymru\/privacy-policy\/"},"modified":"2024-02-02T14:37:54","modified_gmt":"2024-02-02T14:37:54","slug":"privacy-policy","status":"publish","type":"page","link":"https:\/\/parcglynllifon.cymru\/cy\/privacy-policy\/","title":{"rendered":"Polisi Preifatrwydd"},"content":{"rendered":"\t\t<div data-elementor-type=\"wp-page\" data-elementor-id=\"4159\" class=\"elementor elementor-4159 elementor-330\" data-elementor-post-type=\"page\">\n\t\t\t\t<section class=\"elementor-element elementor-element-c02ab05 e-con-full e-flex e-con e-parent\" data-id=\"c02ab05\" data-element_type=\"container\" data-e-type=\"container\" data-settings=\"{&quot;background_background&quot;:&quot;classic&quot;}\">\n\t\t<div class=\"elementor-element elementor-element-d520545 e-flex e-con-boxed e-con e-child\" data-id=\"d520545\" data-element_type=\"container\" data-e-type=\"container\">\n\t\t\t\t\t<div class=\"e-con-inner\">\n\t\t<div class=\"elementor-element elementor-element-a1fc31f e-flex e-con-boxed e-con e-child\" data-id=\"a1fc31f\" data-element_type=\"container\" data-e-type=\"container\">\n\t\t\t\t\t<div class=\"e-con-inner\">\n\t\t\t\t<div class=\"elementor-element elementor-element-6162f24 elementor-widget elementor-widget-heading\" data-id=\"6162f24\" data-element_type=\"widget\" data-e-type=\"widget\" data-widget_type=\"heading.default\">\n\t\t\t\t<div class=\"elementor-widget-container\">\n\t\t\t\t\t<h1 class=\"elementor-heading-title elementor-size-default\">Polisi Preifatrwydd<\/h1>\t\t\t\t<\/div>\n\t\t\t\t<\/div>\n\t\t\t\t<div class=\"elementor-element elementor-element-f38bf6c elementor-widget elementor-widget-text-editor\" data-id=\"f38bf6c\" data-element_type=\"widget\" data-e-type=\"widget\" data-widget_type=\"text-editor.default\">\n\t\t\t\t<div class=\"elementor-widget-container\">\n\t\t\t\t\t\t\t\t\t<p>Diweddarwyd ddiwethaf ar 22.11.23<\/p>\n<p>Dyddiad y Daw i Rym 22.11.23<\/p>\n\t\t\t\t\t\t\t\t<\/div>\n\t\t\t\t<\/div>\n\t\t\t\t\t<\/div>\n\t\t\t\t<\/div>\n\t\t\t\t\t<\/div>\n\t\t\t\t<\/div>\n\t\t\t\t<\/section>\n\t\t<section class=\"elementor-element elementor-element-38b12c1 e-con-full e-flex e-con e-parent\" data-id=\"38b12c1\" data-element_type=\"container\" data-e-type=\"container\">\n\t\t<div class=\"elementor-element elementor-element-79914ff e-flex e-con-boxed e-con e-child\" data-id=\"79914ff\" data-element_type=\"container\" data-e-type=\"container\">\n\t\t\t\t\t<div class=\"e-con-inner\">\n\t\t<div class=\"elementor-element elementor-element-74374e6 e-flex e-con-boxed e-con e-child\" data-id=\"74374e6\" data-element_type=\"container\" data-e-type=\"container\">\n\t\t\t\t\t<div class=\"e-con-inner\">\n\t\t\t\t<div class=\"elementor-element elementor-element-64b5217 privacy-policy elementor-widget elementor-widget-html\" data-id=\"64b5217\" data-element_type=\"widget\" data-e-type=\"widget\" data-widget_type=\"html.default\">\n\t\t\t\t<div class=\"elementor-widget-container\">\n\t\t\t\t\t\n<p class=\"privacy-policy-p\">\n Mae'r Polisi Preifatrwydd yn disgrifio polis\u00efau\n\n Parc Glynllifon,\n Parc Glynllifon, Ffordd Clynnog, Caernarfon,\n Gwynedd\n LL54 5DY,\n Teyrnas Gyfunol Prydain Fawr a Gogledd Iwerddon,\n e-bost: parcglynllifon@gwynedd.llyw.cymru,\n ff\u00f4n: 01766 771000\n\n ar gasgliad,\n defnydd a datgeliad y wybodaeth yr ydym yn ei chasglu\n amdanoch pan fyddwch yn defnyddio ein gwefan (parcglynllifon.cymru ).\n (y \"Gwasanaeth\"). Drwy gael mynediad neu ddefnyddio'r\n Gwasanaeth,\n rydych yn caniat\u00e1u i'ch data gael ei gasglu, ei ddefnyddio a'i\n ddatgelu mewn perthynas \u00e2'r\n Polisi Preifatrwydd hwn. Os nad ydych yn rhoi caniat\u00e2d i'r uchod,\n os gwelwch yn dda peidiwch \u00e2 chael mynediad neu ddefnyddio'r Gwasanaeth.\n<\/p>\n\n&nbsp;\n\n<p class=\"privacy-policy-p\">\n Gallwn addasu'r Polisi Preifatrwydd ar unrhyw adeg\n heb unrhyw rybudd o flaen llaw i chi a bydd\n y Polisi Preifatrwydd diwygiedig yn cael ei gyhoeddi gan y Gwasanaeth. Bydd y Polisi diwygiedig\n yn dod i rym 180 diwrnod o'r diwrnod\n y caiff y Polisi diwygiedig ei bostio ar y Gwasanaeth a bydd eich\n mynediad neu ddefnydd parhaus o'r Gwasanaeth ar \u00f4l yr amser yma\n yn golygu eich bod yn derbyn y Polisi\n Preifatrwydd. Cynghorwn felly eich bod yn adolygu'r dudalen hon yn gyfnodol.\n \n<\/p>\n\n&nbsp;\n\n<ol class=\"privacy-policy-ol\">\n        <li>\n        <h2 class=\"privacy-policy-h2\">\n Gwybodaeth yr ydym yn ei chasglu:\n        <\/h2>\n\n        \n        <p class=\"privacy-policy-p\">\n Byddwn yn casglu ac yn prosesu'r wybodaeth bersonol ganlynol amdanoch chi:\n \n        <\/p>\n        <ol class=\"privacy-policy-ol\">\n\n                        <li>Enw<\/li>\n            \n                        <li>E-bost<\/li>\n   \n        <\/ol>\n    <\/li>\n    &nbsp;\n        <li>\n            \n        <h2 class=\"privacy-policy-h2\">\n Sut yr ydym yn defnyddio eich gwybodaeth:\n        <\/h2>\n        <p class=\"privacy-policy-p\">\n Byddwn yn defnyddio'r wybodaeth sy'n cael ei chasglu amdanoch chi ar gyfer y pwrpasau canlynol:\n \n        <\/p>\n        <ol class=\"privacy-policy-ol\">\n\n                        <li>Casglu adborth gan gwsmeriaid<\/li>\n            \n        <\/ol>\n        <p class=\"privacy-policy-p\">\n Byddwn yn gofyn o flaen llaw os byddwn eisiau defnyddio eich gwybodaeth ar gyfer unrhyw bwrpas arall, a dim ond ar \u00f4l cael eich caniat\u00e2d byddwn yn defnyddio eich gwybodaeth ar gyfer y pwrpas(au) hynny yn unig oni bai bod angen i ni wneud yn wahanol yn \u00f4l y gyfraith.\n \n \n \n \n \n        <\/p>\n    <\/li>\n    &nbsp;\n        <li>\n        <h2 class=\"privacy-policy-h2\">\n Cadw eich Gwybodaeth:\n        <\/h2>\n        <p class=\"privacy-policy-p\">\n Byddwn yn cadw eich gwybodaeth bersonol gyda ni am gyfnod amhenodol neu am ba mor hir yr ydym ei angen i wireddu'r dibenion y casglwyd y data ar eu cyfer fel y manylwyd yn y\n \n \n \n \n \n  Efallai bydd angen i ni gadw gwybodaeth benodol am gyfnodau llawer hwy fel cadw cofnodion \/ adrodd yn unol \u00e2'r gyfraith berthnasol neu resymau dilys fel gorfodaeth hawliau cyfreithiol, atal twyll, ayyb. Gall gwybodaeth ddienw weddilliol a gwybodaeth gyfanredol, nad yw'r naill na'r llall yn eich adnabod (yn uniongyrchol neu'n anuniongyrchol), gael eu storio am gyfnod amhenodol.\n \n \n \n \n  \n \n \n \n        <\/p>\n    <\/li>\n    &nbsp;\n    <li>\n        <h2 class=\"privacy-policy-h2\">\n Eich hawliau:\n        <\/h2>\n        <p class=\"privacy-policy-p\">\n Yn dibynnu ar y gyfraith berthnasol, efallai y bydd gennych hawl i gael mynediad i gywiro neu ddileu eich data personol neu dderbyn copi o'ch data personol, atal neu wrthwynebu i'ch data gael ei phrosesu'n weithredol, gofyn i ni rannu (port) eich gwybodaeth bersonol i endid gwahanol, tynnu unrhyw ganiat\u00e2d yr oeddech wedi\u2019i ddarparu i ni i brosesu eich data, hawl i gyflwyno cwyn gydag awdurdod statudol a hawliau eraill a all fod yn berthnasol o dan gyfreithiau cymwys. I ymgymryd \u00e2\u2019r hawliau hyn, gallwch ysgrifennu atom yn parcglynllifon@gwynedd.llyw.cymru. Byddwn yn ymateb i'ch cais yn unol \u00e2'r gyfraith gymwys.\n \n \n \n \n \n \n \n \n  \n \n \n \n \n        <\/p>\n\n        \n        <p class=\"privacy-policy-p\">\n Nodwch, os nad ydych yn caniat\u00e1u i ni gasglu neu brosesu'r wybodaeth bersonol angenrheidiol neu dynnu eich caniat\u00e2d i brosesu'r uchod ar gyfer pwrpasau angenrheidiol, efallai na fydd modd i chi gael mynediad neu ddefnyddio'r gwasanaethau y ceisiwyd eich gwybodaeth ar eu cyfer.\n \n \n \n \n \n        <\/p>\n    <\/li>\n    &nbsp;\n        <li>\n        <h2 class=\"privacy-policy-h2\">\n Cwcis ayyb.\n        <\/h2>\n        <p class=\"privacy-policy-p\">\n\n            \n I ddysgu mwy am sut yr ydym yn defnyddio'r rhain a'r dewisiadau yn unol \u00e2'r technolegau tracio, trowch at ein\n \n \n            <a href=\"https:\/\/parcglynllifon.cymru\/cy\/polisi-cwcis\/\">Polisi cwci.<\/a>\n        <\/p>\n    <\/li>\n    &nbsp;\n    <li>\n        <h2 class=\"privacy-policy-h2\">\n Diogeledd:\n        <\/h2>\n        <p class=\"privacy-policy-p\">\n Mae diogelwch eich gwybodaeth yn bwysig i ni a byddwn yn defnyddio mesurau diogelwch rhesymol i atal colli, camddefnyddio neu addasiad anawdurdodedig o'ch gwybodaeth dan ein rheolaeth. Fodd bynnag, yn sgil y risgiau cynhenid, ni allwn warantu diogelwch llwyr, ac o ganlyniad, ni allwn sicrhau na gwarantu diogelwch unrhyw wybodaeth rydych chi\u2019n ei throsglwyddo i ni a\u2019ch bod chi\u2019n gwneud hynny ar eich risg chi.\n \n \n \n  \n \n \n \n \n        <\/p>\n    <\/li>\n&nbsp;\n        <li>\n        <h2 class=\"privacy-policy-h2\">\n Cysylltiadau Trydydd-parti &amp; Defnydd o'ch Gwybodaeth:\n        <\/h2>\n        <p class=\"privacy-policy-p\">\n Gall ein Gwasanaeth gynnwys cysylltiadau i wefannau gwahanol sydd ddim yn cael eu rhedeg gennym ni. Mae hyn yn cynnwys <a href=\"\">Fareharbor<\/a> <\/a> ar gyfer ein holl docynnau ac archebion.\n   id yw'r Polisi Preifatrwydd yn ymdrin \u00e2\u2019r polisi preifatrwydd ac arferion eraill unrhyw drydydd-parti, yn cynnwys unrhyw drydydd-parti sy'n rhedeg unrhyw wefan neu wasanaeth all fod yn hygyrch trwy ddolen ar y Gwasanaeth. Rydym yn cynghori'n gryf i chi adolygu polisi preifatrwydd pob safle yr ydych yn ymweld \u00e2 nhw. \u2060Nid oes gennym reolaeth, ac nid ydym yn cymryd unrhyw gyfrifoldeb dros y cynnwys, polis\u00efau preifatrwydd nac arferion unrhyw safleoedd neu wasanaethau trydydd-parti.\n \n \n \n \n  \n  \n \n \n \n        <\/p>\n    <\/li>\n    &nbsp;\n    <li>\n        <h2 class=\"privacy-policy-h2\">\n Cwynion \/ Y Swyddog Diogelu Data:\n        <\/h2>\n        <p class=\"privacy-policy-p\">\n Os oes gennych unrhyw ymholiadau neu bryderon am brosesu eich gwybodaeth sydd ar gael gyda ni, gallwch e-bostio ein Swyddog Cwynion - Parc Glynllifon, Ffordd Clynnog, Caernarfon, e-bost: parcglynllifon@gwynedd.llyw.cymru, ff\u00f4n: Byddwn yn ymateb i'ch pryderon yn unol \u00e2'r gyfraith gymwys.\n \n \n \n \n \n \n        <\/p>\n    <\/li>\n<\/ol>\n&nbsp;\n<p class=\"privacy-policy-p\">\n Polisi Preifatrwydd a gr\u00ebwyd gyda <a target=\"_blank\" href=\"https:\/\/www.cookieyes.com\/?utm_source=PP&amp;utm_medium=footer&amp;utm_campaign=UW\">CookieYes<\/a>.\n<\/p>\t\t\t\t<\/div>\n\t\t\t\t<\/div>\n\t\t\t\t\t<\/div>\n\t\t\t\t<\/div>\n\t\t\t\t\t<\/div>\n\t\t\t\t<\/div>\n\t\t\t\t<\/section>\n\t\t\t\t<\/div>\n\t\t","protected":false},"excerpt":{"rendered":"<p>Diweddarwyd ddiwethaf ar 22.11.23 Dyddiad y Daw i Rym 22.11.23 Mae&#8217;r Polisi Preifatrwydd yn disgrifio polis\u00efau Parc Glynllifon, Parc Glynllifon, Ffordd Clynnog, Caernarfon, Gwynedd LL54 5DY, Teyrnas Gyfunol Prydain Fawr a Gogledd Iwerddon, e-bost: parcglynllifon@gwynedd.llyw.cymru, ff\u00f4n: 01766 771000 ar gasgliad, defnydd a datgeliad y wybodaeth yr ydym yn ei chasglu amdanoch pan fyddwch yn defnyddio [&hellip;]<\/p>\n","protected":false},"author":1,"featured_media":0,"parent":0,"menu_order":0,"comment_status":"closed","ping_status":"closed","template":"elementor_header_footer","meta":{"footnotes":""},"class_list":["post-4159","page","type-page","status-publish","hentry"],"yoast_head":"<!-- This site is optimized with the Yoast SEO plugin v27.2 - https:\/\/yoast.com\/product\/yoast-seo-wordpress\/ -->\n<title>Polisi Preifatrwydd - Llwyfan - Parc Glynllifon<\/title>\n<meta name=\"description\" content=\"Parc Glynllifon: Polisi Preifatrwydd\" \/>\n<meta name=\"robots\" content=\"index, follow, max-snippet:-1, max-image-preview:large, max-video-preview:-1\" \/>\n<link rel=\"canonical\" href=\"https:\/\/parcglynllifon.cymru\/cy\/privacy-policy\/\" \/>\n<meta property=\"og:locale\" content=\"cy_GB\" \/>\n<meta property=\"og:type\" content=\"article\" \/>\n<meta property=\"og:title\" content=\"Polisi Preifatrwydd - Llwyfan - Parc Glynllifon\" \/>\n<meta property=\"og:description\" content=\"Parc Glynllifon: Polisi Preifatrwydd\" \/>\n<meta property=\"og:url\" content=\"https:\/\/parcglynllifon.cymru\/cy\/privacy-policy\/\" \/>\n<meta property=\"og:site_name\" content=\"Llwyfan - Parc Glynllifon\" \/>\n<meta property=\"article:publisher\" content=\"https:\/\/www.facebook.com\/parcglynllifon\/?locale=en_GB\" \/>\n<meta property=\"article:modified_time\" content=\"2024-02-02T14:37:54+00:00\" \/>\n<meta name=\"twitter:card\" content=\"summary_large_image\" \/>\n<meta name=\"twitter:label1\" content=\"Est. reading time\" \/>\n\t<meta name=\"twitter:data1\" content=\"1 minute\" \/>\n<script type=\"application\/ld+json\" class=\"yoast-schema-graph\">{\"@context\":\"https:\/\/schema.org\",\"@graph\":[{\"@type\":\"WebPage\",\"@id\":\"https:\/\/parcglynllifon.cymru\/cy\/privacy-policy\/\",\"url\":\"https:\/\/parcglynllifon.cymru\/cy\/privacy-policy\/\",\"name\":\"Polisi Preifatrwydd - Llwyfan - Parc Glynllifon\",\"isPartOf\":{\"@id\":\"https:\/\/parcglynllifon.cymru\/cy\/#website\"},\"datePublished\":\"2023-08-21T08:57:07+00:00\",\"dateModified\":\"2024-02-02T14:37:54+00:00\",\"description\":\"Parc Glynllifon: Polisi Preifatrwydd\",\"breadcrumb\":{\"@id\":\"https:\/\/parcglynllifon.cymru\/cy\/privacy-policy\/#breadcrumb\"},\"inLanguage\":\"cy-GB\",\"potentialAction\":[{\"@type\":\"ReadAction\",\"target\":[\"https:\/\/parcglynllifon.cymru\/cy\/privacy-policy\/\"]}]},{\"@type\":\"BreadcrumbList\",\"@id\":\"https:\/\/parcglynllifon.cymru\/cy\/privacy-policy\/#breadcrumb\",\"itemListElement\":[{\"@type\":\"ListItem\",\"position\":1,\"name\":\"Home\",\"item\":\"https:\/\/parcglynllifon.cymru\/cy\/hafan\/\"},{\"@type\":\"ListItem\",\"position\":2,\"name\":\"Polisi Preifatrwydd\"}]},{\"@type\":\"WebSite\",\"@id\":\"https:\/\/parcglynllifon.cymru\/cy\/#website\",\"url\":\"https:\/\/parcglynllifon.cymru\/cy\/\",\"name\":\"Parc Glynllifon\",\"description\":\"Parc Glynllifon\",\"publisher\":{\"@id\":\"https:\/\/parcglynllifon.cymru\/cy\/#organization\"},\"potentialAction\":[{\"@type\":\"SearchAction\",\"target\":{\"@type\":\"EntryPoint\",\"urlTemplate\":\"https:\/\/parcglynllifon.cymru\/cy\/?s={search_term_string}\"},\"query-input\":{\"@type\":\"PropertyValueSpecification\",\"valueRequired\":true,\"valueName\":\"search_term_string\"}}],\"inLanguage\":\"cy-GB\"},{\"@type\":\"Organization\",\"@id\":\"https:\/\/parcglynllifon.cymru\/cy\/#organization\",\"name\":\"Parc Glynllifon\",\"url\":\"https:\/\/parcglynllifon.cymru\/cy\/\",\"logo\":{\"@type\":\"ImageObject\",\"inLanguage\":\"cy-GB\",\"@id\":\"https:\/\/parcglynllifon.cymru\/cy\/#\/schema\/logo\/image\/\",\"url\":\"https:\/\/parcglynllifon.cymru\/wp-content\/uploads\/2023\/07\/Parc-Glynllifon-Logo-Short-1.svg\",\"contentUrl\":\"https:\/\/parcglynllifon.cymru\/wp-content\/uploads\/2023\/07\/Parc-Glynllifon-Logo-Short-1.svg\",\"caption\":\"Parc Glynllifon\"},\"image\":{\"@id\":\"https:\/\/parcglynllifon.cymru\/cy\/#\/schema\/logo\/image\/\"},\"sameAs\":[\"https:\/\/www.facebook.com\/parcglynllifon\/?locale=en_GB\",\"https:\/\/www.instagram.com\/parcglynllifon\/?hl=en-gb\"]}]}<\/script>\n<!-- \/ Yoast SEO plugin. -->","yoast_head_json":{"title":"Polisi Preifatrwydd - Llwyfan - Parc Glynllifon","description":"Parc Glynllifon: Polisi Preifatrwydd","robots":{"index":"index","follow":"follow","max-snippet":"max-snippet:-1","max-image-preview":"max-image-preview:large","max-video-preview":"max-video-preview:-1"},"canonical":"https:\/\/parcglynllifon.cymru\/cy\/privacy-policy\/","og_locale":"cy_GB","og_type":"article","og_title":"Polisi Preifatrwydd - Llwyfan - Parc Glynllifon","og_description":"Parc Glynllifon: Polisi Preifatrwydd","og_url":"https:\/\/parcglynllifon.cymru\/cy\/privacy-policy\/","og_site_name":"Llwyfan - Parc Glynllifon","article_publisher":"https:\/\/www.facebook.com\/parcglynllifon\/?locale=en_GB","article_modified_time":"2024-02-02T14:37:54+00:00","twitter_card":"summary_large_image","twitter_misc":{"Est. reading time":"1 minute"},"schema":{"@context":"https:\/\/schema.org","@graph":[{"@type":"WebPage","@id":"https:\/\/parcglynllifon.cymru\/cy\/privacy-policy\/","url":"https:\/\/parcglynllifon.cymru\/cy\/privacy-policy\/","name":"Polisi Preifatrwydd - Llwyfan - Parc Glynllifon","isPartOf":{"@id":"https:\/\/parcglynllifon.cymru\/cy\/#website"},"datePublished":"2023-08-21T08:57:07+00:00","dateModified":"2024-02-02T14:37:54+00:00","description":"Parc Glynllifon: Polisi Preifatrwydd","breadcrumb":{"@id":"https:\/\/parcglynllifon.cymru\/cy\/privacy-policy\/#breadcrumb"},"inLanguage":"cy-GB","potentialAction":[{"@type":"ReadAction","target":["https:\/\/parcglynllifon.cymru\/cy\/privacy-policy\/"]}]},{"@type":"BreadcrumbList","@id":"https:\/\/parcglynllifon.cymru\/cy\/privacy-policy\/#breadcrumb","itemListElement":[{"@type":"ListItem","position":1,"name":"Home","item":"https:\/\/parcglynllifon.cymru\/cy\/hafan\/"},{"@type":"ListItem","position":2,"name":"Polisi Preifatrwydd"}]},{"@type":"WebSite","@id":"https:\/\/parcglynllifon.cymru\/cy\/#website","url":"https:\/\/parcglynllifon.cymru\/cy\/","name":"Parc Glynllifon","description":"Parc Glynllifon","publisher":{"@id":"https:\/\/parcglynllifon.cymru\/cy\/#organization"},"potentialAction":[{"@type":"SearchAction","target":{"@type":"EntryPoint","urlTemplate":"https:\/\/parcglynllifon.cymru\/cy\/?s={search_term_string}"},"query-input":{"@type":"PropertyValueSpecification","valueRequired":true,"valueName":"search_term_string"}}],"inLanguage":"cy-GB"},{"@type":"Organization","@id":"https:\/\/parcglynllifon.cymru\/cy\/#organization","name":"Parc Glynllifon","url":"https:\/\/parcglynllifon.cymru\/cy\/","logo":{"@type":"ImageObject","inLanguage":"cy-GB","@id":"https:\/\/parcglynllifon.cymru\/cy\/#\/schema\/logo\/image\/","url":"https:\/\/parcglynllifon.cymru\/wp-content\/uploads\/2023\/07\/Parc-Glynllifon-Logo-Short-1.svg","contentUrl":"https:\/\/parcglynllifon.cymru\/wp-content\/uploads\/2023\/07\/Parc-Glynllifon-Logo-Short-1.svg","caption":"Parc Glynllifon"},"image":{"@id":"https:\/\/parcglynllifon.cymru\/cy\/#\/schema\/logo\/image\/"},"sameAs":["https:\/\/www.facebook.com\/parcglynllifon\/?locale=en_GB","https:\/\/www.instagram.com\/parcglynllifon\/?hl=en-gb"]}]}},"_links":{"self":[{"href":"https:\/\/parcglynllifon.cymru\/cy\/wp-json\/wp\/v2\/pages\/4159","targetHints":{"allow":["GET"]}}],"collection":[{"href":"https:\/\/parcglynllifon.cymru\/cy\/wp-json\/wp\/v2\/pages"}],"about":[{"href":"https:\/\/parcglynllifon.cymru\/cy\/wp-json\/wp\/v2\/types\/page"}],"author":[{"embeddable":true,"href":"https:\/\/parcglynllifon.cymru\/cy\/wp-json\/wp\/v2\/users\/1"}],"replies":[{"embeddable":true,"href":"https:\/\/parcglynllifon.cymru\/cy\/wp-json\/wp\/v2\/comments?post=4159"}],"version-history":[{"count":5,"href":"https:\/\/parcglynllifon.cymru\/cy\/wp-json\/wp\/v2\/pages\/4159\/revisions"}],"predecessor-version":[{"id":4364,"href":"https:\/\/parcglynllifon.cymru\/cy\/wp-json\/wp\/v2\/pages\/4159\/revisions\/4364"}],"wp:attachment":[{"href":"https:\/\/parcglynllifon.cymru\/cy\/wp-json\/wp\/v2\/media?parent=4159"}],"curies":[{"name":"wp","href":"https:\/\/api.w.org\/{rel}","templated":true}]}}